{"id":5941,"date":"2024-10-31T14:00:27","date_gmt":"2024-10-31T14:00:27","guid":{"rendered":"https:\/\/www.actionpress-ir.de\/?page_id=5941"},"modified":"2024-10-31T14:06:52","modified_gmt":"2024-10-31T14:06:52","slug":"jobs","status":"publish","type":"page","link":"https:\/\/www.actionpress-ir.de\/en\/jobs\/","title":{"rendered":"Jobs"},"content":{"rendered":"<p class=\"has-medium-font-size\"><strong>Finanzbuchhaltung<\/strong><\/p>\n\n\n\n<p><strong>Teilzeit mit ca. 20 Wochenstunden&nbsp;in&nbsp;Hamburg ab sofort<\/strong><\/p>\n\n\n\n<p>Sie haben ein gutes Gesp\u00fcr f\u00fcr Zahlen? P\u00fcnktlichkeit und Pr\u00e4zision sind Ihre oberste Priorit\u00e4t? In der Finanzbuchhaltung nehmen Sie eine Schl\u00fcsselrolle in unserer Verwaltung ein und stellen den termingerechten Zahlungsverkehr und die Erstellung der Abrechnung mit unseren Fotografen sicher. Zudem bereiten Sie die Monats-, Quartals- und Jahresabschl\u00fcsse vor und optimieren die innerbetrieblichen Prozesse und Systeme. In der Lohnbuchhaltung bereiten Sie die erforderlichen Unterlagen f\u00fcr das Lohnb\u00fcro auf. Sie zeichnen sich durch Ihre analytische Denkweise und eine ergebnisorientierte Hands-on-Mentalit\u00e4t aus? Dann sind Sie bei uns genau richtig. Wir freuen wir uns darauf, Sie kennenzulernen!<\/p>\n\n\n\n<p>Wir bieten eine Lebensstellung und auch bereits pensionierte Bewerber sind willkommen.<\/p>\n\n\n\n<p><strong>Ihre Aufgaben<\/strong><\/p>\n\n\n\n<ul>\n<li>Eigenst\u00e4ndige Rechnungspr\u00fcfung, Erfassung, Kontierung und Buchung der Kreditorenbelege unter Einhaltung steuerlicher und handelsrechtlicher Vorgaben<\/li>\n\n\n\n<li>Sicherstellung der termingerechten Zahlung durch Vorbereitung von Zahlungsvorschl\u00e4gen<\/li>\n\n\n\n<li>Buchung der Banken und Kasse<\/li>\n\n\n\n<li>Kontenabstimmungen der Kreditoren sowie Bearbeitung von Mahnungen oder Saldenbest\u00e4tigungen<\/li>\n\n\n\n<li>Stammdaten- und Kontenpflege<\/li>\n\n\n\n<li>Unterst\u00fctzung bei der Erstellung von Monats-, Quartals- und Jahresabschl\u00fcssen<\/li>\n\n\n\n<li>Mitarbeit bei der Optimierung der innerbetrieblichen Prozesse und Systeme<\/li>\n\n\n\n<li>Kommunikation und Zusammenarbeit mit internen und externen Schnittstellen<\/li>\n\n\n\n<li>Vorbereitung der Lohn- und Gehaltsabrechnung<\/li>\n\n\n\n<li>Allgemeine Verwaltende T\u00e4tigkeiten<\/li>\n\n\n\n<li>Mitwirkung bei innerbetrieblichen Projekten<\/li>\n\n\n\n<li>Abrechnung mit unseren freiberuflichen Fotografen<\/li>\n<\/ul>\n\n\n\n<p><strong>Ihr Profil<\/strong><\/p>\n\n\n\n<ul>\n<li>Abgeschlossene Ausbildung als Steuerfachangestellte<\/li>\n\n\n\n<li>Mindestens 3 Jahre Berufserfahrung in der Buchhaltung<\/li>\n\n\n\n<li>Strukturierte und genaue Arbeitsweise sowie hohe Zahlenaffinit\u00e4t<\/li>\n\n\n\n<li>Sorgf\u00e4ltiges, selbst\u00e4ndiges, ergebnis- und teamorientiertes Arbeiten<\/li>\n\n\n\n<li>Sehr gute MS-Office-Kenntnisse insbesondere Excel<\/li>\n\n\n\n<li>Erfahrung in der Medienbranche von Vorteil<\/li>\n\n\n\n<li>Flie\u00dfende Deutschkenntnisse in Wort und Schrift<\/li>\n\n\n\n<li>Kenntnisse in DATEV und im englischen Sprachgebrauch&nbsp;<\/li>\n<\/ul>\n\n\n\n<p><strong>An wen:<\/strong><\/p>\n\n\n\n<ul>\n<li>Bewerbungen bitte in einem (1) PDF an: <a href=\"mailto:ir@actionpress.de\">ir@actionpress.de<\/a><\/li>\n<\/ul>\n\n\n\n<p><strong>action press AG<\/strong> <br><a href=\"https:\/\/www.actionpress-ir.de\/en\/\">www.actionpress-ir.de<\/a><\/p>\n\n\n\n<p><br><\/p>","protected":false},"excerpt":{"rendered":"<p>Finanzbuchhaltung Teilzeit mit ca. 20 Wochenstunden&nbsp;in&nbsp;Hamburg ab sofort Sie haben ein gutes Gesp\u00fcr f\u00fcr Zahlen? P\u00fcnktlichkeit und Pr\u00e4zision sind Ihre oberste Priorit\u00e4t? In der Finanzbuchhaltung [&hellip;]<\/p>","protected":false},"author":1,"featured_media":0,"parent":0,"menu_order":0,"comment_status":"closed","ping_status":"closed","template":"","meta":[],"yoast_head":"<!-- This site is optimized with the Yoast SEO plugin v21.0 - https:\/\/yoast.com\/wordpress\/plugins\/seo\/ -->\n<title>Jobs - action press investor relations<\/title>\n<meta name=\"description\" content=\"Finanzbuchhaltung. Teilzeit mit ca. 20 Wochenstunden\u00a0in\u00a0Hamburg ab sofort.\" \/>\n<meta name=\"robots\" content=\"index, follow, max-snippet:-1, max-image-preview:large, max-video-preview:-1\" \/>\n<link rel=\"canonical\" href=\"https:\/\/www.actionpress-ir.de\/en\/jobs\/\" \/>\n<meta property=\"og:locale\" content=\"en_GB\" \/>\n<meta property=\"og:type\" content=\"article\" \/>\n<meta property=\"og:title\" content=\"Jobs - action press investor relations\" \/>\n<meta property=\"og:description\" content=\"Finanzbuchhaltung. Teilzeit mit ca. 20 Wochenstunden\u00a0in\u00a0Hamburg ab sofort.\" \/>\n<meta property=\"og:url\" content=\"https:\/\/www.actionpress-ir.de\/en\/jobs\/\" \/>\n<meta property=\"og:site_name\" content=\"action press investor relations\" \/>\n<meta property=\"article:modified_time\" content=\"2024-10-31T14:06:52+00:00\" \/>\n<meta name=\"twitter:card\" content=\"summary_large_image\" \/>\n<meta name=\"twitter:label1\" content=\"Estimated reading time\" \/>\n\t<meta name=\"twitter:data1\" content=\"2 minutes\" \/>\n<script type=\"application\/ld+json\" class=\"yoast-schema-graph\">{\"@context\":\"https:\/\/schema.org\",\"@graph\":[{\"@type\":\"WebPage\",\"@id\":\"https:\/\/www.actionpress-ir.de\/jobs\/\",\"url\":\"https:\/\/www.actionpress-ir.de\/jobs\/\",\"name\":\"Jobs - action press investor relations\",\"isPartOf\":{\"@id\":\"https:\/\/www.actionpress-ir.de\/#website\"},\"datePublished\":\"2024-10-31T14:00:27+00:00\",\"dateModified\":\"2024-10-31T14:06:52+00:00\",\"description\":\"Finanzbuchhaltung. Teilzeit mit ca. 20 Wochenstunden\u00a0in\u00a0Hamburg ab sofort.\",\"breadcrumb\":{\"@id\":\"https:\/\/www.actionpress-ir.de\/jobs\/#breadcrumb\"},\"inLanguage\":\"en-GB\",\"potentialAction\":[{\"@type\":\"ReadAction\",\"target\":[\"https:\/\/www.actionpress-ir.de\/jobs\/\"]}]},{\"@type\":\"BreadcrumbList\",\"@id\":\"https:\/\/www.actionpress-ir.de\/jobs\/#breadcrumb\",\"itemListElement\":[{\"@type\":\"ListItem\",\"position\":1,\"name\":\"Home\",\"item\":\"https:\/\/www.actionpress-ir.de\/\"},{\"@type\":\"ListItem\",\"position\":2,\"name\":\"Jobs\"}]},{\"@type\":\"WebSite\",\"@id\":\"https:\/\/www.actionpress-ir.de\/#website\",\"url\":\"https:\/\/www.actionpress-ir.de\/\",\"name\":\"action press investor relations\",\"description\":\"\",\"publisher\":{\"@id\":\"https:\/\/www.actionpress-ir.de\/#organization\"},\"potentialAction\":[{\"@type\":\"SearchAction\",\"target\":{\"@type\":\"EntryPoint\",\"urlTemplate\":\"https:\/\/www.actionpress-ir.de\/?s={search_term_string}\"},\"query-input\":\"required name=search_term_string\"}],\"inLanguage\":\"en-GB\"},{\"@type\":\"Organization\",\"@id\":\"https:\/\/www.actionpress-ir.de\/#organization\",\"name\":\"action press AG\",\"url\":\"https:\/\/www.actionpress-ir.de\/\",\"logo\":{\"@type\":\"ImageObject\",\"inLanguage\":\"en-GB\",\"@id\":\"https:\/\/www.actionpress-ir.de\/#\/schema\/logo\/image\/\",\"url\":\"https:\/\/www.actionpress-ir.de\/wp-content\/uploads\/2021\/04\/Action-Press-logo-Icon.png\",\"contentUrl\":\"https:\/\/www.actionpress-ir.de\/wp-content\/uploads\/2021\/04\/Action-Press-logo-Icon.png\",\"width\":706,\"height\":631,\"caption\":\"action press AG\"},\"image\":{\"@id\":\"https:\/\/www.actionpress-ir.de\/#\/schema\/logo\/image\/\"}}]}<\/script>\n<!-- \/ Yoast SEO plugin. -->","yoast_head_json":{"title":"Jobs - action press investor relations","description":"Finanzbuchhaltung. Teilzeit mit ca. 20 Wochenstunden\u00a0in\u00a0Hamburg ab sofort.","robots":{"index":"index","follow":"follow","max-snippet":"max-snippet:-1","max-image-preview":"max-image-preview:large","max-video-preview":"max-video-preview:-1"},"canonical":"https:\/\/www.actionpress-ir.de\/en\/jobs\/","og_locale":"en_GB","og_type":"article","og_title":"Jobs - action press investor relations","og_description":"Finanzbuchhaltung. Teilzeit mit ca. 20 Wochenstunden\u00a0in\u00a0Hamburg ab sofort.","og_url":"https:\/\/www.actionpress-ir.de\/en\/jobs\/","og_site_name":"action press investor relations","article_modified_time":"2024-10-31T14:06:52+00:00","twitter_card":"summary_large_image","twitter_misc":{"Estimated reading time":"2 minutes"},"schema":{"@context":"https:\/\/schema.org","@graph":[{"@type":"WebPage","@id":"https:\/\/www.actionpress-ir.de\/jobs\/","url":"https:\/\/www.actionpress-ir.de\/jobs\/","name":"Jobs - action press investor relations","isPartOf":{"@id":"https:\/\/www.actionpress-ir.de\/#website"},"datePublished":"2024-10-31T14:00:27+00:00","dateModified":"2024-10-31T14:06:52+00:00","description":"Finanzbuchhaltung. Teilzeit mit ca. 20 Wochenstunden\u00a0in\u00a0Hamburg ab sofort.","breadcrumb":{"@id":"https:\/\/www.actionpress-ir.de\/jobs\/#breadcrumb"},"inLanguage":"en-GB","potentialAction":[{"@type":"ReadAction","target":["https:\/\/www.actionpress-ir.de\/jobs\/"]}]},{"@type":"BreadcrumbList","@id":"https:\/\/www.actionpress-ir.de\/jobs\/#breadcrumb","itemListElement":[{"@type":"ListItem","position":1,"name":"Home","item":"https:\/\/www.actionpress-ir.de\/"},{"@type":"ListItem","position":2,"name":"Jobs"}]},{"@type":"WebSite","@id":"https:\/\/www.actionpress-ir.de\/#website","url":"https:\/\/www.actionpress-ir.de\/","name":"action press investor relations","description":"","publisher":{"@id":"https:\/\/www.actionpress-ir.de\/#organization"},"potentialAction":[{"@type":"SearchAction","target":{"@type":"EntryPoint","urlTemplate":"https:\/\/www.actionpress-ir.de\/?s={search_term_string}"},"query-input":"required name=search_term_string"}],"inLanguage":"en-GB"},{"@type":"Organization","@id":"https:\/\/www.actionpress-ir.de\/#organization","name":"action press AG","url":"https:\/\/www.actionpress-ir.de\/","logo":{"@type":"ImageObject","inLanguage":"en-GB","@id":"https:\/\/www.actionpress-ir.de\/#\/schema\/logo\/image\/","url":"https:\/\/www.actionpress-ir.de\/wp-content\/uploads\/2021\/04\/Action-Press-logo-Icon.png","contentUrl":"https:\/\/www.actionpress-ir.de\/wp-content\/uploads\/2021\/04\/Action-Press-logo-Icon.png","width":706,"height":631,"caption":"action press AG"},"image":{"@id":"https:\/\/www.actionpress-ir.de\/#\/schema\/logo\/image\/"}}]}},"_links":{"self":[{"href":"https:\/\/www.actionpress-ir.de\/en\/wp-json\/wp\/v2\/pages\/5941"}],"collection":[{"href":"https:\/\/www.actionpress-ir.de\/en\/wp-json\/wp\/v2\/pages"}],"about":[{"href":"https:\/\/www.actionpress-ir.de\/en\/wp-json\/wp\/v2\/types\/page"}],"author":[{"embeddable":true,"href":"https:\/\/www.actionpress-ir.de\/en\/wp-json\/wp\/v2\/users\/1"}],"replies":[{"embeddable":true,"href":"https:\/\/www.actionpress-ir.de\/en\/wp-json\/wp\/v2\/comments?post=5941"}],"version-history":[{"count":5,"href":"https:\/\/www.actionpress-ir.de\/en\/wp-json\/wp\/v2\/pages\/5941\/revisions"}],"predecessor-version":[{"id":5946,"href":"https:\/\/www.actionpress-ir.de\/en\/wp-json\/wp\/v2\/pages\/5941\/revisions\/5946"}],"wp:attachment":[{"href":"https:\/\/www.actionpress-ir.de\/en\/wp-json\/wp\/v2\/media?parent=5941"}],"curies":[{"name":"wp","href":"https:\/\/api.w.org\/{rel}","templated":true}]}}