{"id":5356,"date":"2023-03-23T16:50:29","date_gmt":"2023-03-23T16:50:29","guid":{"rendered":"https:\/\/www.actionpress-ir.de\/?page_id=5356"},"modified":"2023-03-30T13:34:21","modified_gmt":"2023-03-30T13:34:21","slug":"clippings","status":"publish","type":"page","link":"https:\/\/www.actionpress-ir.de\/en\/clippings\/","title":{"rendered":"Clippings"},"content":{"rendered":"<h3 class=\"has-text-align-center\">KRESS PRO Magazine 02\/2023<\/h3>\n\n\n\n<div class=\"wp-block-file aligncenter\"><object class=\"wp-block-file__embed\" data=\"https:\/\/www.actionpress-ir.de\/wp-content\/uploads\/2023\/03\/Interview-Hunzinger-KressPro-Magazin_202302.pdf\" type=\"application\/pdf\" style=\"width:100%;height:1244px\" aria-label=\"PDF embed\"><\/object><a href=\"https:\/\/www.actionpress-ir.de\/wp-content\/uploads\/2023\/03\/Interview-Hunzinger-KressPro-Magazin_202302.pdf\" class=\"wp-block-file__button wp-element-button\" download>Download pdf<\/a><\/div>\n\n\n\n<h3 class=\"has-text-align-center\">VIP News von Jens Prewo&nbsp;K\u00fcnstlerische NFTs<\/h3>\n\n\n\n<p>29.9.2022 - Artist Tobias Rehberger has presented his latest project. \"Fairytales &amp; Conspiracies\" is the name of a series for which Professor Rehberger used visual material from the action press agency. The five digital animated collages, so-called Liquid Posters, were presented at an event in the Frankfurt co-working space Techquartier.<\/p>\n\n\n<div class=\"wp-block-image\">\n<figure class=\"aligncenter size-large is-resized\"><a href=\"https:\/\/www.rtl.de\/videos\/kuenstlerische-nfts-6335a2f1dfacc89e3c01dc12.html\" target=\"_blank\" rel=\"noreferrer noopener\"><img decoding=\"async\" loading=\"lazy\" src=\"https:\/\/www.actionpress-ir.de\/wp-content\/uploads\/2023\/03\/VIP-News-von-Jens-Prewo-1030x573.png\" alt=\"\" class=\"wp-image-5369\" width=\"773\" height=\"430\" srcset=\"https:\/\/www.actionpress-ir.de\/wp-content\/uploads\/2023\/03\/VIP-News-von-Jens-Prewo-1030x573.png 1030w, https:\/\/www.actionpress-ir.de\/wp-content\/uploads\/2023\/03\/VIP-News-von-Jens-Prewo-300x167.png 300w, https:\/\/www.actionpress-ir.de\/wp-content\/uploads\/2023\/03\/VIP-News-von-Jens-Prewo-768x427.png 768w, https:\/\/www.actionpress-ir.de\/wp-content\/uploads\/2023\/03\/VIP-News-von-Jens-Prewo-1536x854.png 1536w, https:\/\/www.actionpress-ir.de\/wp-content\/uploads\/2023\/03\/VIP-News-von-Jens-Prewo-18x10.png 18w, https:\/\/www.actionpress-ir.de\/wp-content\/uploads\/2023\/03\/VIP-News-von-Jens-Prewo-938x522.png 938w, https:\/\/www.actionpress-ir.de\/wp-content\/uploads\/2023\/03\/VIP-News-von-Jens-Prewo-1130x628.png 1130w, https:\/\/www.actionpress-ir.de\/wp-content\/uploads\/2023\/03\/VIP-News-von-Jens-Prewo.png 1622w\" sizes=\"(max-width: 773px) 100vw, 773px\" \/><\/a><figcaption class=\"wp-element-caption\"><a href=\"https:\/\/www.rtl.de\/videos\/kuenstlerische-nfts-6335a2f1dfacc89e3c01dc12.html\" target=\"_blank\" rel=\"noreferrer noopener\">https:\/\/www.rtl.de\/videos\/kuenstlerische-nfts-6335a2f1dfacc89e3c01dc12.html<\/a><\/figcaption><\/figure><\/div>","protected":false},"excerpt":{"rendered":"<p>KRESS PRO Magazin 02\/2023 VIP News von Jens Prewo&nbsp;K\u00fcnstlerische NFTs 29.9.2022 &#8211; K\u00fcnstler Tobias Rehberger hat sein neustes Projekt pr\u00e4sentiert. \u201eFairytales &amp; Conspiracies\u201c hei\u00dft eine [&hellip;]<\/p>","protected":false},"author":1,"featured_media":0,"parent":0,"menu_order":0,"comment_status":"closed","ping_status":"closed","template":"","meta":[],"yoast_head":"<!-- This site is optimized with the Yoast SEO plugin v21.0 - https:\/\/yoast.com\/wordpress\/plugins\/seo\/ -->\n<title>Clippings - action press investor relations<\/title>\n<meta name=\"description\" content=\"hunzinger kress pro magazine\" \/>\n<meta name=\"robots\" content=\"index, follow, max-snippet:-1, max-image-preview:large, max-video-preview:-1\" \/>\n<link rel=\"canonical\" href=\"https:\/\/www.actionpress-ir.de\/en\/clippings\/\" \/>\n<meta property=\"og:locale\" content=\"en_GB\" \/>\n<meta property=\"og:type\" content=\"article\" \/>\n<meta property=\"og:title\" content=\"Clippings - action press investor relations\" \/>\n<meta property=\"og:description\" content=\"hunzinger kress pro magazine\" \/>\n<meta property=\"og:url\" content=\"https:\/\/www.actionpress-ir.de\/en\/clippings\/\" \/>\n<meta property=\"og:site_name\" content=\"action press investor relations\" \/>\n<meta property=\"article:modified_time\" content=\"2023-03-30T13:34:21+00:00\" \/>\n<meta property=\"og:image\" content=\"https:\/\/www.actionpress-ir.de\/wp-content\/uploads\/2023\/03\/VIP-News-von-Jens-Prewo-1030x573.png\" \/>\n<meta name=\"twitter:card\" content=\"summary_large_image\" \/>\n<meta name=\"twitter:label1\" content=\"Estimated reading time\" \/>\n\t<meta name=\"twitter:data1\" content=\"1 minute\" \/>\n<script type=\"application\/ld+json\" class=\"yoast-schema-graph\">{\"@context\":\"https:\/\/schema.org\",\"@graph\":[{\"@type\":\"WebPage\",\"@id\":\"https:\/\/www.actionpress-ir.de\/clippings\/\",\"url\":\"https:\/\/www.actionpress-ir.de\/clippings\/\",\"name\":\"Clippings - action press investor relations\",\"isPartOf\":{\"@id\":\"https:\/\/www.actionpress-ir.de\/#website\"},\"datePublished\":\"2023-03-23T16:50:29+00:00\",\"dateModified\":\"2023-03-30T13:34:21+00:00\",\"description\":\"hunzinger kress pro magazine\",\"breadcrumb\":{\"@id\":\"https:\/\/www.actionpress-ir.de\/clippings\/#breadcrumb\"},\"inLanguage\":\"en-GB\",\"potentialAction\":[{\"@type\":\"ReadAction\",\"target\":[\"https:\/\/www.actionpress-ir.de\/clippings\/\"]}]},{\"@type\":\"BreadcrumbList\",\"@id\":\"https:\/\/www.actionpress-ir.de\/clippings\/#breadcrumb\",\"itemListElement\":[{\"@type\":\"ListItem\",\"position\":1,\"name\":\"Home\",\"item\":\"https:\/\/www.actionpress-ir.de\/\"},{\"@type\":\"ListItem\",\"position\":2,\"name\":\"Clippings\"}]},{\"@type\":\"WebSite\",\"@id\":\"https:\/\/www.actionpress-ir.de\/#website\",\"url\":\"https:\/\/www.actionpress-ir.de\/\",\"name\":\"action press investor relations\",\"description\":\"\",\"publisher\":{\"@id\":\"https:\/\/www.actionpress-ir.de\/#organization\"},\"potentialAction\":[{\"@type\":\"SearchAction\",\"target\":{\"@type\":\"EntryPoint\",\"urlTemplate\":\"https:\/\/www.actionpress-ir.de\/?s={search_term_string}\"},\"query-input\":\"required name=search_term_string\"}],\"inLanguage\":\"en-GB\"},{\"@type\":\"Organization\",\"@id\":\"https:\/\/www.actionpress-ir.de\/#organization\",\"name\":\"action press AG\",\"url\":\"https:\/\/www.actionpress-ir.de\/\",\"logo\":{\"@type\":\"ImageObject\",\"inLanguage\":\"en-GB\",\"@id\":\"https:\/\/www.actionpress-ir.de\/#\/schema\/logo\/image\/\",\"url\":\"https:\/\/www.actionpress-ir.de\/wp-content\/uploads\/2021\/04\/Action-Press-logo-Icon.png\",\"contentUrl\":\"https:\/\/www.actionpress-ir.de\/wp-content\/uploads\/2021\/04\/Action-Press-logo-Icon.png\",\"width\":706,\"height\":631,\"caption\":\"action press AG\"},\"image\":{\"@id\":\"https:\/\/www.actionpress-ir.de\/#\/schema\/logo\/image\/\"}}]}<\/script>\n<!-- \/ Yoast SEO plugin. -->","yoast_head_json":{"title":"Clippings - action press investor relations","description":"hunzinger kress pro magazine","robots":{"index":"index","follow":"follow","max-snippet":"max-snippet:-1","max-image-preview":"max-image-preview:large","max-video-preview":"max-video-preview:-1"},"canonical":"https:\/\/www.actionpress-ir.de\/en\/clippings\/","og_locale":"en_GB","og_type":"article","og_title":"Clippings - action press investor relations","og_description":"hunzinger kress pro magazine","og_url":"https:\/\/www.actionpress-ir.de\/en\/clippings\/","og_site_name":"action press investor relations","article_modified_time":"2023-03-30T13:34:21+00:00","og_image":[{"url":"https:\/\/www.actionpress-ir.de\/wp-content\/uploads\/2023\/03\/VIP-News-von-Jens-Prewo-1030x573.png"}],"twitter_card":"summary_large_image","twitter_misc":{"Estimated reading time":"1 minute"},"schema":{"@context":"https:\/\/schema.org","@graph":[{"@type":"WebPage","@id":"https:\/\/www.actionpress-ir.de\/clippings\/","url":"https:\/\/www.actionpress-ir.de\/clippings\/","name":"Clippings - action press investor relations","isPartOf":{"@id":"https:\/\/www.actionpress-ir.de\/#website"},"datePublished":"2023-03-23T16:50:29+00:00","dateModified":"2023-03-30T13:34:21+00:00","description":"hunzinger kress pro magazine","breadcrumb":{"@id":"https:\/\/www.actionpress-ir.de\/clippings\/#breadcrumb"},"inLanguage":"en-GB","potentialAction":[{"@type":"ReadAction","target":["https:\/\/www.actionpress-ir.de\/clippings\/"]}]},{"@type":"BreadcrumbList","@id":"https:\/\/www.actionpress-ir.de\/clippings\/#breadcrumb","itemListElement":[{"@type":"ListItem","position":1,"name":"Home","item":"https:\/\/www.actionpress-ir.de\/"},{"@type":"ListItem","position":2,"name":"Clippings"}]},{"@type":"WebSite","@id":"https:\/\/www.actionpress-ir.de\/#website","url":"https:\/\/www.actionpress-ir.de\/","name":"action press investor relations","description":"","publisher":{"@id":"https:\/\/www.actionpress-ir.de\/#organization"},"potentialAction":[{"@type":"SearchAction","target":{"@type":"EntryPoint","urlTemplate":"https:\/\/www.actionpress-ir.de\/?s={search_term_string}"},"query-input":"required name=search_term_string"}],"inLanguage":"en-GB"},{"@type":"Organization","@id":"https:\/\/www.actionpress-ir.de\/#organization","name":"action press AG","url":"https:\/\/www.actionpress-ir.de\/","logo":{"@type":"ImageObject","inLanguage":"en-GB","@id":"https:\/\/www.actionpress-ir.de\/#\/schema\/logo\/image\/","url":"https:\/\/www.actionpress-ir.de\/wp-content\/uploads\/2021\/04\/Action-Press-logo-Icon.png","contentUrl":"https:\/\/www.actionpress-ir.de\/wp-content\/uploads\/2021\/04\/Action-Press-logo-Icon.png","width":706,"height":631,"caption":"action press AG"},"image":{"@id":"https:\/\/www.actionpress-ir.de\/#\/schema\/logo\/image\/"}}]}},"_links":{"self":[{"href":"https:\/\/www.actionpress-ir.de\/en\/wp-json\/wp\/v2\/pages\/5356"}],"collection":[{"href":"https:\/\/www.actionpress-ir.de\/en\/wp-json\/wp\/v2\/pages"}],"about":[{"href":"https:\/\/www.actionpress-ir.de\/en\/wp-json\/wp\/v2\/types\/page"}],"author":[{"embeddable":true,"href":"https:\/\/www.actionpress-ir.de\/en\/wp-json\/wp\/v2\/users\/1"}],"replies":[{"embeddable":true,"href":"https:\/\/www.actionpress-ir.de\/en\/wp-json\/wp\/v2\/comments?post=5356"}],"version-history":[{"count":11,"href":"https:\/\/www.actionpress-ir.de\/en\/wp-json\/wp\/v2\/pages\/5356\/revisions"}],"predecessor-version":[{"id":5387,"href":"https:\/\/www.actionpress-ir.de\/en\/wp-json\/wp\/v2\/pages\/5356\/revisions\/5387"}],"wp:attachment":[{"href":"https:\/\/www.actionpress-ir.de\/en\/wp-json\/wp\/v2\/media?parent=5356"}],"curies":[{"name":"wp","href":"https:\/\/api.w.org\/{rel}","templated":true}]}}