{"id":4135,"date":"2021-06-16T11:59:47","date_gmt":"2021-06-16T11:59:47","guid":{"rendered":"https:\/\/www.actionpress-ir.de\/?page_id=4135"},"modified":"2023-04-06T07:59:09","modified_gmt":"2023-04-06T07:59:09","slug":"management-transactions","status":"publish","type":"page","link":"https:\/\/www.actionpress-ir.de\/en\/management-transactions\/","title":{"rendered":"Management Transactions"},"content":{"rendered":"<p class=\"has-text-align-left\">Pursuant to Article 19 of the EU Market Abuse Regulation, persons discharging managerial responsibilities in an issuer shall report own transactions in shares or debt instruments of that issuer or related derivatives or other related financial instruments to the issuer and the supervisory authority without undue delay and no later than three business days after the date of the transaction. This obligation also applies to persons closely associated with such a person.<\/p>\n\n\n\n<p class=\"has-text-align-center\">You can access reports on proprietary trading transactions that have taken place by clicking on the links below:<\/p>\n\n\n\n<p class=\"has-text-align-left\"><a href=\"https:\/\/www.actionpress-ir.de\/wp-content\/uploads\/2023\/03\/Notice-on-Directors-Dealings-under-Art-19-9.3.2023-II.pdf\">Notice on Directors' Dealings under Article 19 (9.3.2023, II)<\/a><br><a href=\"https:\/\/www.actionpress-ir.de\/wp-content\/uploads\/2023\/03\/Notice-on-Directors-Dealings-under-Art-19-9.3.2023-I.pdf\">Notice on Directors' Dealings under Article 19 (9.3.2023, II)<\/a><br><a href=\"https:\/\/www.actionpress-ir.de\/wp-content\/uploads\/2023\/03\/Notice-on-Directors-Dealings-under-Art-19-1.6.2021-I..pdf\">Notice on Directors' Dealings under Article 19 (1.6.2021, I.)<\/a><br><a href=\"https:\/\/www.actionpress-ir.de\/wp-content\/uploads\/2021\/06\/Mitteilung-uber-Eigengeschafte-von-Fuhrungskraften-nach-Art.-19-16.6.2021-II..pdf\">Notice on Directors' Dealings under Article 19 (16.6.2021, II.)<\/a><\/p>","protected":false},"excerpt":{"rendered":"<p>Gem\u00e4\u00df Artikel 19 der EU-Marktmissbrauchsverordnung haben Personen, die bei einem Emittenten F\u00fchrungsaufgaben wahrnehmen, eigene Gesch\u00e4fte mit Anteilen oder Schuldtiteln dieses Emittenten oder damit verbundenen Derivaten [&hellip;]<\/p>","protected":false},"author":1,"featured_media":0,"parent":0,"menu_order":0,"comment_status":"closed","ping_status":"closed","template":"","meta":[],"yoast_head":"<!-- This site is optimized with the Yoast SEO plugin v21.0 - https:\/\/yoast.com\/wordpress\/plugins\/seo\/ -->\n<title>Management Transactions - action press investor relations<\/title>\n<meta name=\"robots\" content=\"index, follow, max-snippet:-1, max-image-preview:large, max-video-preview:-1\" \/>\n<link rel=\"canonical\" href=\"https:\/\/www.actionpress-ir.de\/en\/management-transactions\/\" \/>\n<meta property=\"og:locale\" content=\"en_GB\" \/>\n<meta property=\"og:type\" content=\"article\" \/>\n<meta property=\"og:title\" content=\"Management Transactions - action press investor relations\" \/>\n<meta property=\"og:description\" content=\"Gem\u00e4\u00df Artikel 19 der EU-Marktmissbrauchsverordnung haben Personen, die bei einem Emittenten F\u00fchrungsaufgaben wahrnehmen, eigene Gesch\u00e4fte mit Anteilen oder Schuldtiteln dieses Emittenten oder damit verbundenen Derivaten [&hellip;]\" \/>\n<meta property=\"og:url\" content=\"https:\/\/www.actionpress-ir.de\/en\/management-transactions\/\" \/>\n<meta property=\"og:site_name\" content=\"action press investor relations\" \/>\n<meta property=\"article:modified_time\" content=\"2023-04-06T07:59:09+00:00\" \/>\n<meta name=\"twitter:card\" content=\"summary_large_image\" \/>\n<meta name=\"twitter:label1\" content=\"Estimated reading time\" \/>\n\t<meta name=\"twitter:data1\" content=\"1 minute\" \/>\n<script type=\"application\/ld+json\" class=\"yoast-schema-graph\">{\"@context\":\"https:\/\/schema.org\",\"@graph\":[{\"@type\":\"WebPage\",\"@id\":\"https:\/\/www.actionpress-ir.de\/management-transactions\/\",\"url\":\"https:\/\/www.actionpress-ir.de\/management-transactions\/\",\"name\":\"Management Transactions - action press investor relations\",\"isPartOf\":{\"@id\":\"https:\/\/www.actionpress-ir.de\/#website\"},\"datePublished\":\"2021-06-16T11:59:47+00:00\",\"dateModified\":\"2023-04-06T07:59:09+00:00\",\"breadcrumb\":{\"@id\":\"https:\/\/www.actionpress-ir.de\/management-transactions\/#breadcrumb\"},\"inLanguage\":\"en-GB\",\"potentialAction\":[{\"@type\":\"ReadAction\",\"target\":[\"https:\/\/www.actionpress-ir.de\/management-transactions\/\"]}]},{\"@type\":\"BreadcrumbList\",\"@id\":\"https:\/\/www.actionpress-ir.de\/management-transactions\/#breadcrumb\",\"itemListElement\":[{\"@type\":\"ListItem\",\"position\":1,\"name\":\"Home\",\"item\":\"https:\/\/www.actionpress-ir.de\/\"},{\"@type\":\"ListItem\",\"position\":2,\"name\":\"Management Transactions\"}]},{\"@type\":\"WebSite\",\"@id\":\"https:\/\/www.actionpress-ir.de\/#website\",\"url\":\"https:\/\/www.actionpress-ir.de\/\",\"name\":\"action press investor relations\",\"description\":\"\",\"publisher\":{\"@id\":\"https:\/\/www.actionpress-ir.de\/#organization\"},\"potentialAction\":[{\"@type\":\"SearchAction\",\"target\":{\"@type\":\"EntryPoint\",\"urlTemplate\":\"https:\/\/www.actionpress-ir.de\/?s={search_term_string}\"},\"query-input\":\"required name=search_term_string\"}],\"inLanguage\":\"en-GB\"},{\"@type\":\"Organization\",\"@id\":\"https:\/\/www.actionpress-ir.de\/#organization\",\"name\":\"action press AG\",\"url\":\"https:\/\/www.actionpress-ir.de\/\",\"logo\":{\"@type\":\"ImageObject\",\"inLanguage\":\"en-GB\",\"@id\":\"https:\/\/www.actionpress-ir.de\/#\/schema\/logo\/image\/\",\"url\":\"https:\/\/www.actionpress-ir.de\/wp-content\/uploads\/2021\/04\/Action-Press-logo-Icon.png\",\"contentUrl\":\"https:\/\/www.actionpress-ir.de\/wp-content\/uploads\/2021\/04\/Action-Press-logo-Icon.png\",\"width\":706,\"height\":631,\"caption\":\"action press AG\"},\"image\":{\"@id\":\"https:\/\/www.actionpress-ir.de\/#\/schema\/logo\/image\/\"}}]}<\/script>\n<!-- \/ Yoast SEO plugin. -->","yoast_head_json":{"title":"Management Transactions - action press investor relations","robots":{"index":"index","follow":"follow","max-snippet":"max-snippet:-1","max-image-preview":"max-image-preview:large","max-video-preview":"max-video-preview:-1"},"canonical":"https:\/\/www.actionpress-ir.de\/en\/management-transactions\/","og_locale":"en_GB","og_type":"article","og_title":"Management Transactions - action press investor relations","og_description":"Gem\u00e4\u00df Artikel 19 der EU-Marktmissbrauchsverordnung haben Personen, die bei einem Emittenten F\u00fchrungsaufgaben wahrnehmen, eigene Gesch\u00e4fte mit Anteilen oder Schuldtiteln dieses Emittenten oder damit verbundenen Derivaten [&hellip;]","og_url":"https:\/\/www.actionpress-ir.de\/en\/management-transactions\/","og_site_name":"action press investor relations","article_modified_time":"2023-04-06T07:59:09+00:00","twitter_card":"summary_large_image","twitter_misc":{"Estimated reading time":"1 minute"},"schema":{"@context":"https:\/\/schema.org","@graph":[{"@type":"WebPage","@id":"https:\/\/www.actionpress-ir.de\/management-transactions\/","url":"https:\/\/www.actionpress-ir.de\/management-transactions\/","name":"Management Transactions - action press investor relations","isPartOf":{"@id":"https:\/\/www.actionpress-ir.de\/#website"},"datePublished":"2021-06-16T11:59:47+00:00","dateModified":"2023-04-06T07:59:09+00:00","breadcrumb":{"@id":"https:\/\/www.actionpress-ir.de\/management-transactions\/#breadcrumb"},"inLanguage":"en-GB","potentialAction":[{"@type":"ReadAction","target":["https:\/\/www.actionpress-ir.de\/management-transactions\/"]}]},{"@type":"BreadcrumbList","@id":"https:\/\/www.actionpress-ir.de\/management-transactions\/#breadcrumb","itemListElement":[{"@type":"ListItem","position":1,"name":"Home","item":"https:\/\/www.actionpress-ir.de\/"},{"@type":"ListItem","position":2,"name":"Management Transactions"}]},{"@type":"WebSite","@id":"https:\/\/www.actionpress-ir.de\/#website","url":"https:\/\/www.actionpress-ir.de\/","name":"action press investor relations","description":"","publisher":{"@id":"https:\/\/www.actionpress-ir.de\/#organization"},"potentialAction":[{"@type":"SearchAction","target":{"@type":"EntryPoint","urlTemplate":"https:\/\/www.actionpress-ir.de\/?s={search_term_string}"},"query-input":"required name=search_term_string"}],"inLanguage":"en-GB"},{"@type":"Organization","@id":"https:\/\/www.actionpress-ir.de\/#organization","name":"action press AG","url":"https:\/\/www.actionpress-ir.de\/","logo":{"@type":"ImageObject","inLanguage":"en-GB","@id":"https:\/\/www.actionpress-ir.de\/#\/schema\/logo\/image\/","url":"https:\/\/www.actionpress-ir.de\/wp-content\/uploads\/2021\/04\/Action-Press-logo-Icon.png","contentUrl":"https:\/\/www.actionpress-ir.de\/wp-content\/uploads\/2021\/04\/Action-Press-logo-Icon.png","width":706,"height":631,"caption":"action press AG"},"image":{"@id":"https:\/\/www.actionpress-ir.de\/#\/schema\/logo\/image\/"}}]}},"_links":{"self":[{"href":"https:\/\/www.actionpress-ir.de\/en\/wp-json\/wp\/v2\/pages\/4135"}],"collection":[{"href":"https:\/\/www.actionpress-ir.de\/en\/wp-json\/wp\/v2\/pages"}],"about":[{"href":"https:\/\/www.actionpress-ir.de\/en\/wp-json\/wp\/v2\/types\/page"}],"author":[{"embeddable":true,"href":"https:\/\/www.actionpress-ir.de\/en\/wp-json\/wp\/v2\/users\/1"}],"replies":[{"embeddable":true,"href":"https:\/\/www.actionpress-ir.de\/en\/wp-json\/wp\/v2\/comments?post=4135"}],"version-history":[{"count":6,"href":"https:\/\/www.actionpress-ir.de\/en\/wp-json\/wp\/v2\/pages\/4135\/revisions"}],"predecessor-version":[{"id":5405,"href":"https:\/\/www.actionpress-ir.de\/en\/wp-json\/wp\/v2\/pages\/4135\/revisions\/5405"}],"wp:attachment":[{"href":"https:\/\/www.actionpress-ir.de\/en\/wp-json\/wp\/v2\/media?parent=4135"}],"curies":[{"name":"wp","href":"https:\/\/api.w.org\/{rel}","templated":true}]}}